{"id":1751,"date":"2022-08-27T08:21:00","date_gmt":"2022-08-27T08:21:00","guid":{"rendered":"https:\/\/demo2wpopal.b-cdn.net\/grenda2\/?page_id=1751"},"modified":"2025-09-28T06:38:52","modified_gmt":"2025-09-28T06:38:52","slug":"menus","status":"publish","type":"page","link":"https:\/\/galabytresind.com\/newwebsite\/menus\/","title":{"rendered":"Menus"},"content":{"rendered":"\t\t<div data-elementor-type=\"wp-page\" data-elementor-id=\"1751\" class=\"elementor elementor-1751\">\n\t\t\t\t\t\t<div class=\"elementor-section elementor-top-section elementor-element elementor-element-ebb36c8 elementor-section-stretched elementor-section-boxed elementor-section-height-default elementor-section-height-default\" data-id=\"ebb36c8\" data-element_type=\"section\" data-settings=\"{&quot;stretch_section&quot;:&quot;section-stretched&quot;}\">\n\t\t\t\t\t\t<div class=\"elementor-container elementor-column-gap-no\">\n\t\t\t\t\t<div class=\"elementor-column elementor-col-100 elementor-top-column elementor-element elementor-element-d4463d4\" data-id=\"d4463d4\" data-element_type=\"column\">\n\t\t\t<div class=\"elementor-widget-wrap elementor-element-populated\">\n\t\t\t\t\t\t<div class=\"elementor-element elementor-element-a2168c3 elementor-widget elementor-widget-heading\" data-id=\"a2168c3\" data-element_type=\"widget\" data-widget_type=\"heading.default\">\n\t\t\t\t\t<h2 class=\"elementor-heading-title elementor-size-default\">Canap\u00e9s<\/h2>\t\t\t\t<\/div>\n\t\t\t\t<div class=\"elementor-element elementor-element-697180a elementor-widget-divider--view-line elementor-widget elementor-widget-divider\" data-id=\"697180a\" data-element_type=\"widget\" data-widget_type=\"divider.default\">\n\t\t\t\t\t\t\t<div class=\"elementor-divider\">\n\t\t\t<span class=\"elementor-divider-separator\">\n\t\t\t\t\t\t<\/span>\n\t\t<\/div>\n\t\t\t\t\t\t<\/div>\n\t\t<div class=\"elementor-element elementor-element-11376cc e-grid e-con-boxed e-con e-parent\" data-id=\"11376cc\" data-element_type=\"container\">\n\t\t\t\t\t<div class=\"e-con-inner\">\n\t\t\t\t<div class=\"elementor-element elementor-element-93936d5 grenda2-image-box-style-1 elementor-position-top elementor-widget elementor-widget-image-box\" data-id=\"93936d5\" data-element_type=\"widget\" data-widget_type=\"image-box.default\">\n\t\t\t\t\t<div class=\"elementor-image-box-wrapper\"><figure class=\"elementor-image-box-img\"><img decoding=\"async\" src=\"https:\/\/galabytresind.com\/newwebsite\/wp-content\/uploads\/elementor\/thumbs\/66-rceknk71x8r0v2jh6l55fhe4xg5eb230dr2eklea48.jpg\" title=\"Table setting for an event party or wedding reception at the beach\" alt=\"Table setting for an event party or wedding reception at the beach\" loading=\"lazy\" \/><\/figure><div class=\"elementor-image-box-content\"><h3 class=\"elementor-image-box-title\">Canap\u00e9s<\/h3><\/div><\/div>\t\t\t\t<\/div>\n\t\t\t\t<div class=\"elementor-element elementor-element-386fcad grenda2-image-box-style-1 elementor-position-top elementor-widget elementor-widget-image-box\" data-id=\"386fcad\" data-element_type=\"widget\" data-widget_type=\"image-box.default\">\n\t\t\t\t\t<div class=\"elementor-image-box-wrapper\"><figure class=\"elementor-image-box-img\"><img decoding=\"async\" src=\"https:\/\/galabytresind.com\/newwebsite\/wp-content\/uploads\/elementor\/thumbs\/66-rceknk71x8r0v2jh6l55fhe4xg5eb230dr2eklea48.jpg\" title=\"Table setting for an event party or wedding reception at the beach\" alt=\"Table setting for an event party or wedding reception at the beach\" loading=\"lazy\" \/><\/figure><div class=\"elementor-image-box-content\"><h3 class=\"elementor-image-box-title\">Canap\u00e9s<\/h3><\/div><\/div>\t\t\t\t<\/div>\n\t\t\t\t<div class=\"elementor-element elementor-element-4bbfa43 grenda2-image-box-style-1 elementor-position-top elementor-widget elementor-widget-image-box\" data-id=\"4bbfa43\" data-element_type=\"widget\" data-widget_type=\"image-box.default\">\n\t\t\t\t\t<div class=\"elementor-image-box-wrapper\"><figure class=\"elementor-image-box-img\"><img decoding=\"async\" src=\"https:\/\/galabytresind.com\/newwebsite\/wp-content\/uploads\/elementor\/thumbs\/66-rceknk71x8r0v2jh6l55fhe4xg5eb230dr2eklea48.jpg\" title=\"Table setting for an event party or wedding reception at the beach\" alt=\"Table setting for an event party or wedding reception at the beach\" loading=\"lazy\" \/><\/figure><div class=\"elementor-image-box-content\"><h3 class=\"elementor-image-box-title\">Canap\u00e9s<\/h3><\/div><\/div>\t\t\t\t<\/div>\n\t\t\t\t<div class=\"elementor-element elementor-element-8e60fe1 grenda2-image-box-style-1 elementor-position-top elementor-widget elementor-widget-image-box\" data-id=\"8e60fe1\" data-element_type=\"widget\" data-widget_type=\"image-box.default\">\n\t\t\t\t\t<div class=\"elementor-image-box-wrapper\"><figure class=\"elementor-image-box-img\"><img decoding=\"async\" src=\"https:\/\/galabytresind.com\/newwebsite\/wp-content\/uploads\/elementor\/thumbs\/66-rceknk71x8r0v2jh6l55fhe4xg5eb230dr2eklea48.jpg\" title=\"Table setting for an event party or wedding reception at the beach\" alt=\"Table setting for an event party or wedding reception at the beach\" loading=\"lazy\" \/><\/figure><div class=\"elementor-image-box-content\"><h3 class=\"elementor-image-box-title\">Canap\u00e9s<\/h3><\/div><\/div>\t\t\t\t<\/div>\n\t\t\t\t\t<\/div>\n\t\t\t\t<\/div>\n\t\t\t\t\t<\/div>\n\t\t<\/div>\n\t\t\t\t\t<\/div>\n\t\t<\/div>\n\t\t\t\t<div class=\"elementor-section elementor-top-section elementor-element elementor-element-7fdcb52 elementor-section-stretched elementor-section-boxed elementor-section-height-default elementor-section-height-default\" data-id=\"7fdcb52\" data-element_type=\"section\" data-settings=\"{&quot;stretch_section&quot;:&quot;section-stretched&quot;,&quot;background_background&quot;:&quot;classic&quot;}\">\n\t\t\t\t\t\t<div class=\"elementor-container elementor-column-gap-no\">\n\t\t\t\t\t<div class=\"elementor-column elementor-col-100 elementor-top-column elementor-element elementor-element-589c816\" data-id=\"589c816\" data-element_type=\"column\">\n\t\t\t<div class=\"elementor-widget-wrap elementor-element-populated\">\n\t\t\t\t\t\t<div class=\"elementor-element elementor-element-d8f821f elementor-widget elementor-widget-heading\" data-id=\"d8f821f\" data-element_type=\"widget\" data-widget_type=\"heading.default\">\n\t\t\t\t\t<h2 class=\"elementor-heading-title elementor-size-default\">Canap\u00e9s<\/h2>\t\t\t\t<\/div>\n\t\t\t\t<div class=\"elementor-element elementor-element-09373f1 elementor-widget-divider--view-line elementor-widget elementor-widget-divider\" data-id=\"09373f1\" data-element_type=\"widget\" data-widget_type=\"divider.default\">\n\t\t\t\t\t\t\t<div class=\"elementor-divider\">\n\t\t\t<span class=\"elementor-divider-separator\">\n\t\t\t\t\t\t<\/span>\n\t\t<\/div>\n\t\t\t\t\t\t<\/div>\n\t\t<div class=\"elementor-element elementor-element-e371ca6 e-grid e-con-boxed e-con e-parent\" data-id=\"e371ca6\" data-element_type=\"container\">\n\t\t\t\t\t<div class=\"e-con-inner\">\n\t\t\t\t<div class=\"elementor-element elementor-element-0240c1d grenda2-image-box-style-1 elementor-position-top elementor-widget elementor-widget-image-box\" data-id=\"0240c1d\" data-element_type=\"widget\" data-widget_type=\"image-box.default\">\n\t\t\t\t\t<div class=\"elementor-image-box-wrapper\"><figure class=\"elementor-image-box-img\"><img decoding=\"async\" src=\"https:\/\/galabytresind.com\/newwebsite\/wp-content\/uploads\/elementor\/thumbs\/66-rceknk71x8r0v2jh6l55fhe4xg5eb230dr2eklea48.jpg\" title=\"Table setting for an event party or wedding reception at the beach\" alt=\"Table setting for an event party or wedding reception at the beach\" loading=\"lazy\" \/><\/figure><div class=\"elementor-image-box-content\"><h3 class=\"elementor-image-box-title\">Canap\u00e9s<\/h3><\/div><\/div>\t\t\t\t<\/div>\n\t\t\t\t<div class=\"elementor-element elementor-element-299f159 grenda2-image-box-style-1 elementor-position-top elementor-widget elementor-widget-image-box\" data-id=\"299f159\" data-element_type=\"widget\" data-widget_type=\"image-box.default\">\n\t\t\t\t\t<div class=\"elementor-image-box-wrapper\"><figure class=\"elementor-image-box-img\"><img decoding=\"async\" src=\"https:\/\/galabytresind.com\/newwebsite\/wp-content\/uploads\/elementor\/thumbs\/66-rceknk71x8r0v2jh6l55fhe4xg5eb230dr2eklea48.jpg\" title=\"Table setting for an event party or wedding reception at the beach\" alt=\"Table setting for an event party or wedding reception at the beach\" loading=\"lazy\" \/><\/figure><div class=\"elementor-image-box-content\"><h3 class=\"elementor-image-box-title\">Canap\u00e9s<\/h3><\/div><\/div>\t\t\t\t<\/div>\n\t\t\t\t<div class=\"elementor-element elementor-element-ba6de52 grenda2-image-box-style-1 elementor-position-top elementor-widget elementor-widget-image-box\" data-id=\"ba6de52\" data-element_type=\"widget\" data-widget_type=\"image-box.default\">\n\t\t\t\t\t<div class=\"elementor-image-box-wrapper\"><figure class=\"elementor-image-box-img\"><img decoding=\"async\" src=\"https:\/\/galabytresind.com\/newwebsite\/wp-content\/uploads\/elementor\/thumbs\/66-rceknk71x8r0v2jh6l55fhe4xg5eb230dr2eklea48.jpg\" title=\"Table setting for an event party or wedding reception at the beach\" alt=\"Table setting for an event party or wedding reception at the beach\" loading=\"lazy\" \/><\/figure><div class=\"elementor-image-box-content\"><h3 class=\"elementor-image-box-title\">Canap\u00e9s<\/h3><\/div><\/div>\t\t\t\t<\/div>\n\t\t\t\t<div class=\"elementor-element elementor-element-d109568 grenda2-image-box-style-1 elementor-position-top elementor-widget elementor-widget-image-box\" data-id=\"d109568\" data-element_type=\"widget\" data-widget_type=\"image-box.default\">\n\t\t\t\t\t<div class=\"elementor-image-box-wrapper\"><figure class=\"elementor-image-box-img\"><img decoding=\"async\" src=\"https:\/\/galabytresind.com\/newwebsite\/wp-content\/uploads\/elementor\/thumbs\/66-rceknk71x8r0v2jh6l55fhe4xg5eb230dr2eklea48.jpg\" title=\"Table setting for an event party or wedding reception at the beach\" alt=\"Table setting for an event party or wedding reception at the beach\" loading=\"lazy\" \/><\/figure><div class=\"elementor-image-box-content\"><h3 class=\"elementor-image-box-title\">Canap\u00e9s<\/h3><\/div><\/div>\t\t\t\t<\/div>\n\t\t\t\t\t<\/div>\n\t\t\t\t<\/div>\n\t\t\t\t\t<\/div>\n\t\t<\/div>\n\t\t\t\t\t<\/div>\n\t\t<\/div>\n\t\t\t\t<div class=\"elementor-section elementor-top-section elementor-element elementor-element-5a82927 elementor-section-stretched elementor-section-boxed elementor-section-height-default elementor-section-height-default\" data-id=\"5a82927\" data-element_type=\"section\" data-settings=\"{&quot;stretch_section&quot;:&quot;section-stretched&quot;}\">\n\t\t\t\t\t\t<div class=\"elementor-container elementor-column-gap-no\">\n\t\t\t\t\t<div class=\"elementor-column elementor-col-100 elementor-top-column elementor-element elementor-element-28c3138\" data-id=\"28c3138\" data-element_type=\"column\">\n\t\t\t<div class=\"elementor-widget-wrap elementor-element-populated\">\n\t\t\t\t\t\t<div class=\"elementor-element elementor-element-745fec0 elementor-widget elementor-widget-heading\" data-id=\"745fec0\" data-element_type=\"widget\" data-widget_type=\"heading.default\">\n\t\t\t\t\t<h2 class=\"elementor-heading-title elementor-size-default\">Canap\u00e9s<\/h2>\t\t\t\t<\/div>\n\t\t\t\t<div class=\"elementor-element elementor-element-ea50956 elementor-widget-divider--view-line elementor-widget elementor-widget-divider\" data-id=\"ea50956\" data-element_type=\"widget\" data-widget_type=\"divider.default\">\n\t\t\t\t\t\t\t<div class=\"elementor-divider\">\n\t\t\t<span class=\"elementor-divider-separator\">\n\t\t\t\t\t\t<\/span>\n\t\t<\/div>\n\t\t\t\t\t\t<\/div>\n\t\t<div class=\"elementor-element elementor-element-409d23b e-grid e-con-boxed e-con e-parent\" data-id=\"409d23b\" data-element_type=\"container\">\n\t\t\t\t\t<div class=\"e-con-inner\">\n\t\t\t\t<div class=\"elementor-element elementor-element-26737f1 grenda2-image-box-style-1 elementor-position-top elementor-widget elementor-widget-image-box\" data-id=\"26737f1\" data-element_type=\"widget\" data-widget_type=\"image-box.default\">\n\t\t\t\t\t<div class=\"elementor-image-box-wrapper\"><figure class=\"elementor-image-box-img\"><img decoding=\"async\" src=\"https:\/\/galabytresind.com\/newwebsite\/wp-content\/uploads\/elementor\/thumbs\/66-rceknk71x8r0v2jh6l55fhe4xg5eb230dr2eklea48.jpg\" title=\"Table setting for an event party or wedding reception at the beach\" alt=\"Table setting for an event party or wedding reception at the beach\" loading=\"lazy\" \/><\/figure><div class=\"elementor-image-box-content\"><h3 class=\"elementor-image-box-title\">Canap\u00e9s<\/h3><\/div><\/div>\t\t\t\t<\/div>\n\t\t\t\t<div class=\"elementor-element elementor-element-8b08bfd grenda2-image-box-style-1 elementor-position-top elementor-widget elementor-widget-image-box\" data-id=\"8b08bfd\" data-element_type=\"widget\" data-widget_type=\"image-box.default\">\n\t\t\t\t\t<div class=\"elementor-image-box-wrapper\"><figure class=\"elementor-image-box-img\"><img decoding=\"async\" src=\"https:\/\/galabytresind.com\/newwebsite\/wp-content\/uploads\/elementor\/thumbs\/66-rceknk71x8r0v2jh6l55fhe4xg5eb230dr2eklea48.jpg\" title=\"Table setting for an event party or wedding reception at the beach\" alt=\"Table setting for an event party or wedding reception at the beach\" loading=\"lazy\" \/><\/figure><div class=\"elementor-image-box-content\"><h3 class=\"elementor-image-box-title\">Canap\u00e9s<\/h3><\/div><\/div>\t\t\t\t<\/div>\n\t\t\t\t<div class=\"elementor-element elementor-element-963cda7 grenda2-image-box-style-1 elementor-position-top elementor-widget elementor-widget-image-box\" data-id=\"963cda7\" data-element_type=\"widget\" data-widget_type=\"image-box.default\">\n\t\t\t\t\t<div class=\"elementor-image-box-wrapper\"><figure class=\"elementor-image-box-img\"><img decoding=\"async\" src=\"https:\/\/galabytresind.com\/newwebsite\/wp-content\/uploads\/elementor\/thumbs\/66-rceknk71x8r0v2jh6l55fhe4xg5eb230dr2eklea48.jpg\" title=\"Table setting for an event party or wedding reception at the beach\" alt=\"Table setting for an event party or wedding reception at the beach\" loading=\"lazy\" \/><\/figure><div class=\"elementor-image-box-content\"><h3 class=\"elementor-image-box-title\">Canap\u00e9s<\/h3><\/div><\/div>\t\t\t\t<\/div>\n\t\t\t\t<div class=\"elementor-element elementor-element-7914e8c grenda2-image-box-style-1 elementor-position-top elementor-widget elementor-widget-image-box\" data-id=\"7914e8c\" data-element_type=\"widget\" data-widget_type=\"image-box.default\">\n\t\t\t\t\t<div class=\"elementor-image-box-wrapper\"><figure class=\"elementor-image-box-img\"><img decoding=\"async\" src=\"https:\/\/galabytresind.com\/newwebsite\/wp-content\/uploads\/elementor\/thumbs\/66-rceknk71x8r0v2jh6l55fhe4xg5eb230dr2eklea48.jpg\" title=\"Table setting for an event party or wedding reception at the beach\" alt=\"Table setting for an event party or wedding reception at the beach\" loading=\"lazy\" \/><\/figure><div class=\"elementor-image-box-content\"><h3 class=\"elementor-image-box-title\">Canap\u00e9s<\/h3><\/div><\/div>\t\t\t\t<\/div>\n\t\t\t\t\t<\/div>\n\t\t\t\t<\/div>\n\t\t\t\t\t<\/div>\n\t\t<\/div>\n\t\t\t\t\t<\/div>\n\t\t<\/div>\n\t\t\t\t<div class=\"elementor-section elementor-top-section elementor-element elementor-element-a93d690 elementor-section-full_width elementor-section-stretched elementor-section-height-default elementor-section-height-default\" data-id=\"a93d690\" data-element_type=\"section\" data-settings=\"{&quot;stretch_section&quot;:&quot;section-stretched&quot;,&quot;background_background&quot;:&quot;classic&quot;}\">\n\t\t\t\t\t\t\t<div class=\"elementor-background-overlay\"><\/div>\n\t\t\t\t\t\t\t<div class=\"elementor-container elementor-column-gap-no\">\n\t\t\t\t\t<div class=\"elementor-column elementor-col-100 elementor-top-column elementor-element elementor-element-fb119f6\" data-id=\"fb119f6\" data-element_type=\"column\">\n\t\t\t<div class=\"elementor-widget-wrap elementor-element-populated\">\n\t\t\t\t\t\t<div class=\"elementor-element elementor-element-8a0203b elementor-widget elementor-widget-heading\" data-id=\"8a0203b\" data-element_type=\"widget\" data-widget_type=\"heading.default\">\n\t\t\t\t\t<h2 class=\"elementor-heading-title elementor-size-default\">upcoming events? book now<\/h2>\t\t\t\t<\/div>\n\t\t\t\t<div class=\"elementor-element elementor-element-4bdd1c7 elementor-widget elementor-widget-heading\" data-id=\"4bdd1c7\" data-element_type=\"widget\" data-widget_type=\"heading.default\">\n\t\t\t\t\t<h2 class=\"elementor-heading-title elementor-size-default\">Let Us Make Your Events Flawless<\/h2>\t\t\t\t<\/div>\n\t\t\t\t<div class=\"elementor-element elementor-element-f692b66 elementor-align-center elementor-widget elementor-widget-button\" data-id=\"f692b66\" data-element_type=\"widget\" data-widget_type=\"button.default\">\n\t\t\t\t\t\t\t\t\t\t<a class=\"elementor-button elementor-button-link elementor-size-lg\" href=\"#\">\n\t\t\t\t\t\t<span class=\"elementor-button-content-wrapper\">\n\t\t\t\t\t\t\t\t\t<span class=\"elementor-button-text\">send request<\/span>\n\t\t\t\t\t<\/span>\n\t\t\t\t\t<\/a>\n\t\t\t\t\t\t\t\t<\/div>\n\t\t\t\t\t<\/div>\n\t\t<\/div>\n\t\t\t\t\t<\/div>\n\t\t<\/div>\n\t\t\t\t<\/div>\n\t\t","protected":false},"excerpt":{"rendered":"<p>Canap\u00e9s Canap\u00e9s Canap\u00e9s Canap\u00e9s Canap\u00e9s Canap\u00e9s Canap\u00e9s Canap\u00e9s Canap\u00e9s Canap\u00e9s Canap\u00e9s Canap\u00e9s Canap\u00e9s Canap\u00e9s Canap\u00e9s upcoming events? book now Let Us Make Your Events Flawless send request<\/p>\n","protected":false},"author":1,"featured_media":0,"parent":0,"menu_order":0,"comment_status":"closed","ping_status":"closed","template":"","meta":{"footnotes":""},"class_list":["post-1751","page","type-page","status-publish","hentry"],"_links":{"self":[{"href":"https:\/\/galabytresind.com\/newwebsite\/wp-json\/wp\/v2\/pages\/1751","targetHints":{"allow":["GET"]}}],"collection":[{"href":"https:\/\/galabytresind.com\/newwebsite\/wp-json\/wp\/v2\/pages"}],"about":[{"href":"https:\/\/galabytresind.com\/newwebsite\/wp-json\/wp\/v2\/types\/page"}],"author":[{"embeddable":true,"href":"https:\/\/galabytresind.com\/newwebsite\/wp-json\/wp\/v2\/users\/1"}],"replies":[{"embeddable":true,"href":"https:\/\/galabytresind.com\/newwebsite\/wp-json\/wp\/v2\/comments?post=1751"}],"version-history":[{"count":12,"href":"https:\/\/galabytresind.com\/newwebsite\/wp-json\/wp\/v2\/pages\/1751\/revisions"}],"predecessor-version":[{"id":5595,"href":"https:\/\/galabytresind.com\/newwebsite\/wp-json\/wp\/v2\/pages\/1751\/revisions\/5595"}],"wp:attachment":[{"href":"https:\/\/galabytresind.com\/newwebsite\/wp-json\/wp\/v2\/media?parent=1751"}],"curies":[{"name":"wp","href":"https:\/\/api.w.org\/{rel}","templated":true}]}}